{"id":18033,"date":"2024-10-04T09:34:34","date_gmt":"2024-10-04T06:34:34","guid":{"rendered":"https:\/\/web-demo1.com.tr\/v44\/urun\/bwm06-kablosuz-sarjli-optical-2-4ghz-1600dpi-rgb-isik-wireless-mouse-business-2\/"},"modified":"2024-10-04T09:34:35","modified_gmt":"2024-10-04T06:34:35","slug":"bwm06-kablosuz-sarjli-optical-2-4ghz-1600dpi-rgb-isik-wireless-mouse-business-2","status":"publish","type":"product","link":"https:\/\/web-demo1.com.tr\/v44\/urun\/bwm06-kablosuz-sarjli-optical-2-4ghz-1600dpi-rgb-isik-wireless-mouse-business-2\/","title":{"rendered":"BWM06 Kablosuz \u015earjl\u0131 Optical 2.4GHZ 1600DPI RGB I\u015eIK Wireless Mouse Business"},"content":{"rendered":"<p>https:\/\/celikwork.com\/index.php\/urun\/bwm06-kablosuz-sarjli-optical-2-4ghz-1600dpi-rgb-isik-wireless-mouse-business-3\/<\/p>\n","protected":false},"excerpt":{"rendered":"<p>https:\/\/celikwork.com\/index.php\/urun\/bwm06-kablosuz-sarjli-optical-2-4ghz-1600dpi-rgb-isik-wireless-mouse-business-3\/<\/p>\n","protected":false},"featured_media":0,"comment_status":"open","ping_status":"closed","template":"","meta":[],"product_cat":[110],"product_tag":[],"class_list":{"0":"post-18033","1":"product","2":"type-product","3":"status-publish","5":"product_cat-accessories","7":"first","8":"instock","9":"shipping-taxable","10":"product-type-simple"},"_links":{"self":[{"href":"https:\/\/web-demo1.com.tr\/v44\/wp-json\/wp\/v2\/product\/18033","targetHints":{"allow":["GET"]}}],"collection":[{"href":"https:\/\/web-demo1.com.tr\/v44\/wp-json\/wp\/v2\/product"}],"about":[{"href":"https:\/\/web-demo1.com.tr\/v44\/wp-json\/wp\/v2\/types\/product"}],"replies":[{"embeddable":true,"href":"https:\/\/web-demo1.com.tr\/v44\/wp-json\/wp\/v2\/comments?post=18033"}],"version-history":[{"count":1,"href":"https:\/\/web-demo1.com.tr\/v44\/wp-json\/wp\/v2\/product\/18033\/revisions"}],"predecessor-version":[{"id":18034,"href":"https:\/\/web-demo1.com.tr\/v44\/wp-json\/wp\/v2\/product\/18033\/revisions\/18034"}],"wp:attachment":[{"href":"https:\/\/web-demo1.com.tr\/v44\/wp-json\/wp\/v2\/media?parent=18033"}],"wp:term":[{"taxonomy":"product_cat","embeddable":true,"href":"https:\/\/web-demo1.com.tr\/v44\/wp-json\/wp\/v2\/product_cat?post=18033"},{"taxonomy":"product_tag","embeddable":true,"href":"https:\/\/web-demo1.com.tr\/v44\/wp-json\/wp\/v2\/product_tag?post=18033"}],"curies":[{"name":"wp","href":"https:\/\/api.w.org\/{rel}","templated":true}]}}