{"id":17255,"date":"2024-10-04T09:23:13","date_gmt":"2024-10-04T06:23:13","guid":{"rendered":"https:\/\/web-demo1.com.tr\/v44\/urun\/bt031-interkom-1000mah-ip67-su-gecirmez-stereo-hd-motosiklet-kablosuz-kask-kulakligi\/"},"modified":"2024-10-04T09:23:14","modified_gmt":"2024-10-04T06:23:14","slug":"bt031-interkom-1000mah-ip67-su-gecirmez-stereo-hd-motosiklet-kablosuz-kask-kulakligi","status":"publish","type":"product","link":"https:\/\/web-demo1.com.tr\/v44\/urun\/bt031-interkom-1000mah-ip67-su-gecirmez-stereo-hd-motosiklet-kablosuz-kask-kulakligi\/","title":{"rendered":"BT031 \u0130NTERKOM 1000mAh IP67 Su Ge\u00e7irmez Stereo HD Motosiklet Kablosuz Kask Kulakl\u0131\u011f\u0131"},"content":{"rendered":"<p>https:\/\/celikwork.com\/index.php\/urun\/bt031-interkom-1000mah-ip67-su-gecirmez-stereo-hd-motosiklet-kablosuz-kask-kulakligi-2\/<\/p>\n","protected":false},"excerpt":{"rendered":"<p>https:\/\/celikwork.com\/index.php\/urun\/bt031-interkom-1000mah-ip67-su-gecirmez-stereo-hd-motosiklet-kablosuz-kask-kulakligi-2\/<\/p>\n","protected":false},"featured_media":0,"comment_status":"open","ping_status":"closed","template":"","meta":[],"product_cat":[110],"product_tag":[],"class_list":{"0":"post-17255","1":"product","2":"type-product","3":"status-publish","5":"product_cat-accessories","7":"first","8":"instock","9":"shipping-taxable","10":"product-type-simple"},"_links":{"self":[{"href":"https:\/\/web-demo1.com.tr\/v44\/wp-json\/wp\/v2\/product\/17255","targetHints":{"allow":["GET"]}}],"collection":[{"href":"https:\/\/web-demo1.com.tr\/v44\/wp-json\/wp\/v2\/product"}],"about":[{"href":"https:\/\/web-demo1.com.tr\/v44\/wp-json\/wp\/v2\/types\/product"}],"replies":[{"embeddable":true,"href":"https:\/\/web-demo1.com.tr\/v44\/wp-json\/wp\/v2\/comments?post=17255"}],"version-history":[{"count":1,"href":"https:\/\/web-demo1.com.tr\/v44\/wp-json\/wp\/v2\/product\/17255\/revisions"}],"predecessor-version":[{"id":17256,"href":"https:\/\/web-demo1.com.tr\/v44\/wp-json\/wp\/v2\/product\/17255\/revisions\/17256"}],"wp:attachment":[{"href":"https:\/\/web-demo1.com.tr\/v44\/wp-json\/wp\/v2\/media?parent=17255"}],"wp:term":[{"taxonomy":"product_cat","embeddable":true,"href":"https:\/\/web-demo1.com.tr\/v44\/wp-json\/wp\/v2\/product_cat?post=17255"},{"taxonomy":"product_tag","embeddable":true,"href":"https:\/\/web-demo1.com.tr\/v44\/wp-json\/wp\/v2\/product_tag?post=17255"}],"curies":[{"name":"wp","href":"https:\/\/api.w.org\/{rel}","templated":true}]}}