{"id":17033,"date":"2024-10-04T09:20:03","date_gmt":"2024-10-04T06:20:03","guid":{"rendered":"https:\/\/web-demo1.com.tr\/v44\/urun\/6-in-1-cok-fonksiyonlu-islevli-bilgisayar-laptop-tablet-klavye-kulaklik-temizleme-seti-office\/"},"modified":"2024-10-04T09:20:03","modified_gmt":"2024-10-04T06:20:03","slug":"6-in-1-cok-fonksiyonlu-islevli-bilgisayar-laptop-tablet-klavye-kulaklik-temizleme-seti-office","status":"publish","type":"product","link":"https:\/\/web-demo1.com.tr\/v44\/urun\/6-in-1-cok-fonksiyonlu-islevli-bilgisayar-laptop-tablet-klavye-kulaklik-temizleme-seti-office\/","title":{"rendered":"6 In 1 \u00c7ok Fonksiyonlu \u0130\u015flevli Bilgisayar Laptop Tablet Klavye Kulakl\u0131k Temizleme Seti Office"},"content":{"rendered":"<p>https:\/\/celikwork.com\/index.php\/urun\/6-in-1-cok-fonksiyonlu-islevli-bilgisayar-laptop-tablet-klavye-kulaklik-temizleme-seti-office-2\/<\/p>\n","protected":false},"excerpt":{"rendered":"<p>https:\/\/celikwork.com\/index.php\/urun\/6-in-1-cok-fonksiyonlu-islevli-bilgisayar-laptop-tablet-klavye-kulaklik-temizleme-seti-office-2\/<\/p>\n","protected":false},"featured_media":0,"comment_status":"open","ping_status":"closed","template":"","meta":[],"product_cat":[110],"product_tag":[],"class_list":{"0":"post-17033","1":"product","2":"type-product","3":"status-publish","5":"product_cat-accessories","7":"first","8":"instock","9":"shipping-taxable","10":"product-type-simple"},"_links":{"self":[{"href":"https:\/\/web-demo1.com.tr\/v44\/wp-json\/wp\/v2\/product\/17033","targetHints":{"allow":["GET"]}}],"collection":[{"href":"https:\/\/web-demo1.com.tr\/v44\/wp-json\/wp\/v2\/product"}],"about":[{"href":"https:\/\/web-demo1.com.tr\/v44\/wp-json\/wp\/v2\/types\/product"}],"replies":[{"embeddable":true,"href":"https:\/\/web-demo1.com.tr\/v44\/wp-json\/wp\/v2\/comments?post=17033"}],"version-history":[{"count":1,"href":"https:\/\/web-demo1.com.tr\/v44\/wp-json\/wp\/v2\/product\/17033\/revisions"}],"predecessor-version":[{"id":17034,"href":"https:\/\/web-demo1.com.tr\/v44\/wp-json\/wp\/v2\/product\/17033\/revisions\/17034"}],"wp:attachment":[{"href":"https:\/\/web-demo1.com.tr\/v44\/wp-json\/wp\/v2\/media?parent=17033"}],"wp:term":[{"taxonomy":"product_cat","embeddable":true,"href":"https:\/\/web-demo1.com.tr\/v44\/wp-json\/wp\/v2\/product_cat?post=17033"},{"taxonomy":"product_tag","embeddable":true,"href":"https:\/\/web-demo1.com.tr\/v44\/wp-json\/wp\/v2\/product_tag?post=17033"}],"curies":[{"name":"wp","href":"https:\/\/api.w.org\/{rel}","templated":true}]}}