{"id":16811,"date":"2024-10-04T09:16:54","date_gmt":"2024-10-04T06:16:54","guid":{"rendered":"https:\/\/web-demo1.com.tr\/v44\/urun\/am-011-ovmali-arac-ici-ev-ofis-bel-sirt-boyun-ayak-elektrikli-masaj-aleti-masaj-yastigi\/"},"modified":"2024-10-04T09:16:55","modified_gmt":"2024-10-04T06:16:55","slug":"am-011-ovmali-arac-ici-ev-ofis-bel-sirt-boyun-ayak-elektrikli-masaj-aleti-masaj-yastigi","status":"publish","type":"product","link":"https:\/\/web-demo1.com.tr\/v44\/urun\/am-011-ovmali-arac-ici-ev-ofis-bel-sirt-boyun-ayak-elektrikli-masaj-aleti-masaj-yastigi\/","title":{"rendered":"AM-011 Ovmal\u0131 Ara\u00e7 \u0130\u00e7i Ev Ofis Bel S\u0131rt Boyun Ayak Elektrikli Masaj Aleti Masaj Yast\u0131\u011f\u0131"},"content":{"rendered":"<p>https:\/\/celikwork.com\/index.php\/urun\/am-011-ovmali-arac-ici-ev-ofis-bel-sirt-boyun-ayak-elektrikli-masaj-aleti-masaj-yastigi-2\/<\/p>\n","protected":false},"excerpt":{"rendered":"<p>https:\/\/celikwork.com\/index.php\/urun\/am-011-ovmali-arac-ici-ev-ofis-bel-sirt-boyun-ayak-elektrikli-masaj-aleti-masaj-yastigi-2\/<\/p>\n","protected":false},"featured_media":0,"comment_status":"open","ping_status":"closed","template":"","meta":[],"product_cat":[110],"product_tag":[],"class_list":{"0":"post-16811","1":"product","2":"type-product","3":"status-publish","5":"product_cat-accessories","7":"first","8":"instock","9":"shipping-taxable","10":"product-type-simple"},"_links":{"self":[{"href":"https:\/\/web-demo1.com.tr\/v44\/wp-json\/wp\/v2\/product\/16811","targetHints":{"allow":["GET"]}}],"collection":[{"href":"https:\/\/web-demo1.com.tr\/v44\/wp-json\/wp\/v2\/product"}],"about":[{"href":"https:\/\/web-demo1.com.tr\/v44\/wp-json\/wp\/v2\/types\/product"}],"replies":[{"embeddable":true,"href":"https:\/\/web-demo1.com.tr\/v44\/wp-json\/wp\/v2\/comments?post=16811"}],"version-history":[{"count":1,"href":"https:\/\/web-demo1.com.tr\/v44\/wp-json\/wp\/v2\/product\/16811\/revisions"}],"predecessor-version":[{"id":16812,"href":"https:\/\/web-demo1.com.tr\/v44\/wp-json\/wp\/v2\/product\/16811\/revisions\/16812"}],"wp:attachment":[{"href":"https:\/\/web-demo1.com.tr\/v44\/wp-json\/wp\/v2\/media?parent=16811"}],"wp:term":[{"taxonomy":"product_cat","embeddable":true,"href":"https:\/\/web-demo1.com.tr\/v44\/wp-json\/wp\/v2\/product_cat?post=16811"},{"taxonomy":"product_tag","embeddable":true,"href":"https:\/\/web-demo1.com.tr\/v44\/wp-json\/wp\/v2\/product_tag?post=16811"}],"curies":[{"name":"wp","href":"https:\/\/api.w.org\/{rel}","templated":true}]}}