{"id":16589,"date":"2024-10-04T09:13:52","date_gmt":"2024-10-04T06:13:52","guid":{"rendered":"https:\/\/web-demo1.com.tr\/v44\/urun\/buz-kirici-450-ml-el-blender350-ml-bardak-tasinabilir-sarjli-paslanmaz-6-celik-bicakli\/"},"modified":"2024-10-04T09:13:52","modified_gmt":"2024-10-04T06:13:52","slug":"buz-kirici-450-ml-el-blender350-ml-bardak-tasinabilir-sarjli-paslanmaz-6-celik-bicakli","status":"publish","type":"product","link":"https:\/\/web-demo1.com.tr\/v44\/urun\/buz-kirici-450-ml-el-blender350-ml-bardak-tasinabilir-sarjli-paslanmaz-6-celik-bicakli\/","title":{"rendered":"Buz K\u0131r\u0131c\u0131 450 ml El Blender+350 ml Bardak Ta\u015f\u0131nabilir \u015earjl\u0131 Paslanmaz 6 \u00c7elik B\u0131\u00e7ak&#8217;l\u0131"},"content":{"rendered":"<p>https:\/\/celikwork.com\/index.php\/urun\/buz-kirici-450-ml-el-blender350-ml-bardak-tasinabilir-sarjli-paslanmaz-6-celik-bicakli-2\/<\/p>\n","protected":false},"excerpt":{"rendered":"<p>https:\/\/celikwork.com\/index.php\/urun\/buz-kirici-450-ml-el-blender350-ml-bardak-tasinabilir-sarjli-paslanmaz-6-celik-bicakli-2\/<\/p>\n","protected":false},"featured_media":0,"comment_status":"open","ping_status":"closed","template":"","meta":[],"product_cat":[110],"product_tag":[],"class_list":{"0":"post-16589","1":"product","2":"type-product","3":"status-publish","5":"product_cat-accessories","7":"first","8":"instock","9":"shipping-taxable","10":"product-type-simple"},"_links":{"self":[{"href":"https:\/\/web-demo1.com.tr\/v44\/wp-json\/wp\/v2\/product\/16589","targetHints":{"allow":["GET"]}}],"collection":[{"href":"https:\/\/web-demo1.com.tr\/v44\/wp-json\/wp\/v2\/product"}],"about":[{"href":"https:\/\/web-demo1.com.tr\/v44\/wp-json\/wp\/v2\/types\/product"}],"replies":[{"embeddable":true,"href":"https:\/\/web-demo1.com.tr\/v44\/wp-json\/wp\/v2\/comments?post=16589"}],"version-history":[{"count":1,"href":"https:\/\/web-demo1.com.tr\/v44\/wp-json\/wp\/v2\/product\/16589\/revisions"}],"predecessor-version":[{"id":16590,"href":"https:\/\/web-demo1.com.tr\/v44\/wp-json\/wp\/v2\/product\/16589\/revisions\/16590"}],"wp:attachment":[{"href":"https:\/\/web-demo1.com.tr\/v44\/wp-json\/wp\/v2\/media?parent=16589"}],"wp:term":[{"taxonomy":"product_cat","embeddable":true,"href":"https:\/\/web-demo1.com.tr\/v44\/wp-json\/wp\/v2\/product_cat?post=16589"},{"taxonomy":"product_tag","embeddable":true,"href":"https:\/\/web-demo1.com.tr\/v44\/wp-json\/wp\/v2\/product_tag?post=16589"}],"curies":[{"name":"wp","href":"https:\/\/api.w.org\/{rel}","templated":true}]}}