{"id":16143,"date":"2024-10-04T09:08:21","date_gmt":"2024-10-04T06:08:21","guid":{"rendered":"https:\/\/web-demo1.com.tr\/v44\/urun\/buyuk-digital-cok-amacli-yazi-tahtasi-grafik-cizim-egitim-tableti-lcd-12-inc-ekran-4\/"},"modified":"2024-10-04T09:08:21","modified_gmt":"2024-10-04T06:08:21","slug":"buyuk-digital-cok-amacli-yazi-tahtasi-grafik-cizim-egitim-tableti-lcd-12-inc-ekran-4","status":"publish","type":"product","link":"https:\/\/web-demo1.com.tr\/v44\/urun\/buyuk-digital-cok-amacli-yazi-tahtasi-grafik-cizim-egitim-tableti-lcd-12-inc-ekran-4\/","title":{"rendered":"B\u00fcy\u00fck Digital \u00c7ok Ama\u00e7l\u0131 Yaz\u0131 Tahtas\u0131 Grafik \u00c7izim E\u011fitim Tableti LCD 12&#8243; Inc Ekran"},"content":{"rendered":"<p>https:\/\/celikwork.com\/index.php\/urun\/buyuk-digital-cok-amacli-yazi-tahtasi-grafik-cizim-egitim-tableti-lcd-12-inc-ekran-5\/<\/p>\n","protected":false},"excerpt":{"rendered":"<p>https:\/\/celikwork.com\/index.php\/urun\/buyuk-digital-cok-amacli-yazi-tahtasi-grafik-cizim-egitim-tableti-lcd-12-inc-ekran-5\/<\/p>\n","protected":false},"featured_media":0,"comment_status":"open","ping_status":"closed","template":"","meta":[],"product_cat":[110],"product_tag":[],"class_list":{"0":"post-16143","1":"product","2":"type-product","3":"status-publish","5":"product_cat-accessories","7":"first","8":"instock","9":"shipping-taxable","10":"product-type-simple"},"_links":{"self":[{"href":"https:\/\/web-demo1.com.tr\/v44\/wp-json\/wp\/v2\/product\/16143","targetHints":{"allow":["GET"]}}],"collection":[{"href":"https:\/\/web-demo1.com.tr\/v44\/wp-json\/wp\/v2\/product"}],"about":[{"href":"https:\/\/web-demo1.com.tr\/v44\/wp-json\/wp\/v2\/types\/product"}],"replies":[{"embeddable":true,"href":"https:\/\/web-demo1.com.tr\/v44\/wp-json\/wp\/v2\/comments?post=16143"}],"version-history":[{"count":1,"href":"https:\/\/web-demo1.com.tr\/v44\/wp-json\/wp\/v2\/product\/16143\/revisions"}],"predecessor-version":[{"id":16144,"href":"https:\/\/web-demo1.com.tr\/v44\/wp-json\/wp\/v2\/product\/16143\/revisions\/16144"}],"wp:attachment":[{"href":"https:\/\/web-demo1.com.tr\/v44\/wp-json\/wp\/v2\/media?parent=16143"}],"wp:term":[{"taxonomy":"product_cat","embeddable":true,"href":"https:\/\/web-demo1.com.tr\/v44\/wp-json\/wp\/v2\/product_cat?post=16143"},{"taxonomy":"product_tag","embeddable":true,"href":"https:\/\/web-demo1.com.tr\/v44\/wp-json\/wp\/v2\/product_tag?post=16143"}],"curies":[{"name":"wp","href":"https:\/\/api.w.org\/{rel}","templated":true}]}}