{"id":15919,"date":"2024-10-04T09:06:01","date_gmt":"2024-10-04T06:06:01","guid":{"rendered":"https:\/\/web-demo1.com.tr\/v44\/urun\/buyuk-digital-cok-amacli-yazi-tahtasi-grafik-cizim-egitim-tableti-lcd-12-inc-ekran-2\/"},"modified":"2024-10-04T09:06:02","modified_gmt":"2024-10-04T06:06:02","slug":"buyuk-digital-cok-amacli-yazi-tahtasi-grafik-cizim-egitim-tableti-lcd-12-inc-ekran-2","status":"publish","type":"product","link":"https:\/\/web-demo1.com.tr\/v44\/urun\/buyuk-digital-cok-amacli-yazi-tahtasi-grafik-cizim-egitim-tableti-lcd-12-inc-ekran-2\/","title":{"rendered":"B\u00fcy\u00fck Digital \u00c7ok Ama\u00e7l\u0131 Yaz\u0131 Tahtas\u0131 Grafik \u00c7izim E\u011fitim Tableti LCD 12&#8243; Inc Ekran"},"content":{"rendered":"<p>https:\/\/celikwork.com\/index.php\/urun\/buyuk-digital-cok-amacli-yazi-tahtasi-grafik-cizim-egitim-tableti-lcd-12-inc-ekran-3\/<\/p>\n","protected":false},"excerpt":{"rendered":"<p>https:\/\/celikwork.com\/index.php\/urun\/buyuk-digital-cok-amacli-yazi-tahtasi-grafik-cizim-egitim-tableti-lcd-12-inc-ekran-3\/<\/p>\n","protected":false},"featured_media":0,"comment_status":"open","ping_status":"closed","template":"","meta":[],"product_cat":[110],"product_tag":[],"class_list":{"0":"post-15919","1":"product","2":"type-product","3":"status-publish","5":"product_cat-accessories","7":"first","8":"instock","9":"shipping-taxable","10":"product-type-simple"},"_links":{"self":[{"href":"https:\/\/web-demo1.com.tr\/v44\/wp-json\/wp\/v2\/product\/15919","targetHints":{"allow":["GET"]}}],"collection":[{"href":"https:\/\/web-demo1.com.tr\/v44\/wp-json\/wp\/v2\/product"}],"about":[{"href":"https:\/\/web-demo1.com.tr\/v44\/wp-json\/wp\/v2\/types\/product"}],"replies":[{"embeddable":true,"href":"https:\/\/web-demo1.com.tr\/v44\/wp-json\/wp\/v2\/comments?post=15919"}],"version-history":[{"count":1,"href":"https:\/\/web-demo1.com.tr\/v44\/wp-json\/wp\/v2\/product\/15919\/revisions"}],"predecessor-version":[{"id":15920,"href":"https:\/\/web-demo1.com.tr\/v44\/wp-json\/wp\/v2\/product\/15919\/revisions\/15920"}],"wp:attachment":[{"href":"https:\/\/web-demo1.com.tr\/v44\/wp-json\/wp\/v2\/media?parent=15919"}],"wp:term":[{"taxonomy":"product_cat","embeddable":true,"href":"https:\/\/web-demo1.com.tr\/v44\/wp-json\/wp\/v2\/product_cat?post=15919"},{"taxonomy":"product_tag","embeddable":true,"href":"https:\/\/web-demo1.com.tr\/v44\/wp-json\/wp\/v2\/product_tag?post=15919"}],"curies":[{"name":"wp","href":"https:\/\/api.w.org\/{rel}","templated":true}]}}