{"id":14473,"date":"2024-10-04T08:51:24","date_gmt":"2024-10-04T05:51:24","guid":{"rendered":"https:\/\/web-demo1.com.tr\/v44\/urun\/15w-wireless-kablosuz-sarjli-akim-koruma-10w-bluetooth-hoparlor-rgb-isik-calar-saat-gostergeli-stand\/"},"modified":"2024-10-04T08:51:25","modified_gmt":"2024-10-04T05:51:25","slug":"15w-wireless-kablosuz-sarjli-akim-koruma-10w-bluetooth-hoparlor-rgb-isik-calar-saat-gostergeli-stand","status":"publish","type":"product","link":"https:\/\/web-demo1.com.tr\/v44\/urun\/15w-wireless-kablosuz-sarjli-akim-koruma-10w-bluetooth-hoparlor-rgb-isik-calar-saat-gostergeli-stand\/","title":{"rendered":"15W Wireless Kablosuz \u015earjl\u0131 Ak\u0131m Koruma 10W Bluetooth Hoparl\u00f6r RGB I\u015eIK \u00c7alar Saat G\u00f6stergeli Stand"},"content":{"rendered":"<p>https:\/\/celikwork.com\/index.php\/urun\/15w-wireless-kablosuz-sarjli-akim-koruma-10w-bluetooth-hoparlor-rgb-isik-calar-saat-gostergeli-stand-2\/<\/p>\n","protected":false},"excerpt":{"rendered":"<p>https:\/\/celikwork.com\/index.php\/urun\/15w-wireless-kablosuz-sarjli-akim-koruma-10w-bluetooth-hoparlor-rgb-isik-calar-saat-gostergeli-stand-2\/<\/p>\n","protected":false},"featured_media":0,"comment_status":"open","ping_status":"closed","template":"","meta":[],"product_cat":[110],"product_tag":[],"class_list":{"0":"post-14473","1":"product","2":"type-product","3":"status-publish","5":"product_cat-accessories","7":"first","8":"instock","9":"shipping-taxable","10":"product-type-simple"},"_links":{"self":[{"href":"https:\/\/web-demo1.com.tr\/v44\/wp-json\/wp\/v2\/product\/14473","targetHints":{"allow":["GET"]}}],"collection":[{"href":"https:\/\/web-demo1.com.tr\/v44\/wp-json\/wp\/v2\/product"}],"about":[{"href":"https:\/\/web-demo1.com.tr\/v44\/wp-json\/wp\/v2\/types\/product"}],"replies":[{"embeddable":true,"href":"https:\/\/web-demo1.com.tr\/v44\/wp-json\/wp\/v2\/comments?post=14473"}],"version-history":[{"count":1,"href":"https:\/\/web-demo1.com.tr\/v44\/wp-json\/wp\/v2\/product\/14473\/revisions"}],"predecessor-version":[{"id":14474,"href":"https:\/\/web-demo1.com.tr\/v44\/wp-json\/wp\/v2\/product\/14473\/revisions\/14474"}],"wp:attachment":[{"href":"https:\/\/web-demo1.com.tr\/v44\/wp-json\/wp\/v2\/media?parent=14473"}],"wp:term":[{"taxonomy":"product_cat","embeddable":true,"href":"https:\/\/web-demo1.com.tr\/v44\/wp-json\/wp\/v2\/product_cat?post=14473"},{"taxonomy":"product_tag","embeddable":true,"href":"https:\/\/web-demo1.com.tr\/v44\/wp-json\/wp\/v2\/product_tag?post=14473"}],"curies":[{"name":"wp","href":"https:\/\/api.w.org\/{rel}","templated":true}]}}