{"id":13807,"date":"2024-10-04T08:45:03","date_gmt":"2024-10-04T05:45:03","guid":{"rendered":"https:\/\/web-demo1.com.tr\/v44\/urun\/2in1-type-c-iphone-lightning-androidios-uyumlu-donusturuculu-kablosuz-2li-yaka-mikrofonu\/"},"modified":"2024-10-04T08:45:03","modified_gmt":"2024-10-04T05:45:03","slug":"2in1-type-c-iphone-lightning-androidios-uyumlu-donusturuculu-kablosuz-2li-yaka-mikrofonu","status":"publish","type":"product","link":"https:\/\/web-demo1.com.tr\/v44\/urun\/2in1-type-c-iphone-lightning-androidios-uyumlu-donusturuculu-kablosuz-2li-yaka-mikrofonu\/","title":{"rendered":"2in1 Type-C + iPhone Lightning Android&#038;\u0130OS Uyumlu d\u00f6n\u00fc\u015ft\u00fcr\u00fcc\u00fcl\u00fc Kablosuz 2&#8217;li Yaka Mikrofonu"},"content":{"rendered":"<p>https:\/\/celikwork.com\/index.php\/urun\/2in1-type-c-iphone-lightning-androidios-uyumlu-donusturuculu-kablosuz-2li-yaka-mikrofonu-2\/<\/p>\n","protected":false},"excerpt":{"rendered":"<p>https:\/\/celikwork.com\/index.php\/urun\/2in1-type-c-iphone-lightning-androidios-uyumlu-donusturuculu-kablosuz-2li-yaka-mikrofonu-2\/<\/p>\n","protected":false},"featured_media":0,"comment_status":"open","ping_status":"closed","template":"","meta":[],"product_cat":[110],"product_tag":[],"class_list":{"0":"post-13807","1":"product","2":"type-product","3":"status-publish","5":"product_cat-accessories","7":"first","8":"instock","9":"shipping-taxable","10":"product-type-simple"},"_links":{"self":[{"href":"https:\/\/web-demo1.com.tr\/v44\/wp-json\/wp\/v2\/product\/13807","targetHints":{"allow":["GET"]}}],"collection":[{"href":"https:\/\/web-demo1.com.tr\/v44\/wp-json\/wp\/v2\/product"}],"about":[{"href":"https:\/\/web-demo1.com.tr\/v44\/wp-json\/wp\/v2\/types\/product"}],"replies":[{"embeddable":true,"href":"https:\/\/web-demo1.com.tr\/v44\/wp-json\/wp\/v2\/comments?post=13807"}],"version-history":[{"count":1,"href":"https:\/\/web-demo1.com.tr\/v44\/wp-json\/wp\/v2\/product\/13807\/revisions"}],"predecessor-version":[{"id":13808,"href":"https:\/\/web-demo1.com.tr\/v44\/wp-json\/wp\/v2\/product\/13807\/revisions\/13808"}],"wp:attachment":[{"href":"https:\/\/web-demo1.com.tr\/v44\/wp-json\/wp\/v2\/media?parent=13807"}],"wp:term":[{"taxonomy":"product_cat","embeddable":true,"href":"https:\/\/web-demo1.com.tr\/v44\/wp-json\/wp\/v2\/product_cat?post=13807"},{"taxonomy":"product_tag","embeddable":true,"href":"https:\/\/web-demo1.com.tr\/v44\/wp-json\/wp\/v2\/product_tag?post=13807"}],"curies":[{"name":"wp","href":"https:\/\/api.w.org\/{rel}","templated":true}]}}