{"id":12473,"date":"2024-10-04T08:34:44","date_gmt":"2024-10-04T05:34:44","guid":{"rendered":"https:\/\/web-demo1.com.tr\/v44\/urun\/ithal-konfor-kamp-salon-calisma-koltugu-ofis-bahce-sinema-gamer-oyuncu-sisme-koltuk-kompresor\/"},"modified":"2024-10-04T08:34:44","modified_gmt":"2024-10-04T05:34:44","slug":"ithal-konfor-kamp-salon-calisma-koltugu-ofis-bahce-sinema-gamer-oyuncu-sisme-koltuk-kompresor","status":"publish","type":"product","link":"https:\/\/web-demo1.com.tr\/v44\/urun\/ithal-konfor-kamp-salon-calisma-koltugu-ofis-bahce-sinema-gamer-oyuncu-sisme-koltuk-kompresor\/","title":{"rendered":"\u0130thal Konfor Kamp Salon \u00c7al\u0131\u015fma Koltu\u011fu Ofis Bah\u00e7e Sinema Gamer Oyuncu \u015ei\u015fme Koltuk +Kompres\u00f6r"},"content":{"rendered":"<p>https:\/\/celikwork.com\/index.php\/urun\/ithal-konfor-kamp-salon-calisma-koltugu-ofis-bahce-sinema-gamer-oyuncu-sisme-koltuk-kompresor-2\/<\/p>\n","protected":false},"excerpt":{"rendered":"<p>https:\/\/celikwork.com\/index.php\/urun\/ithal-konfor-kamp-salon-calisma-koltugu-ofis-bahce-sinema-gamer-oyuncu-sisme-koltuk-kompresor-2\/<\/p>\n","protected":false},"featured_media":0,"comment_status":"open","ping_status":"closed","template":"","meta":[],"product_cat":[110],"product_tag":[],"class_list":{"0":"post-12473","1":"product","2":"type-product","3":"status-publish","5":"product_cat-accessories","7":"first","8":"instock","9":"shipping-taxable","10":"product-type-simple"},"_links":{"self":[{"href":"https:\/\/web-demo1.com.tr\/v44\/wp-json\/wp\/v2\/product\/12473","targetHints":{"allow":["GET"]}}],"collection":[{"href":"https:\/\/web-demo1.com.tr\/v44\/wp-json\/wp\/v2\/product"}],"about":[{"href":"https:\/\/web-demo1.com.tr\/v44\/wp-json\/wp\/v2\/types\/product"}],"replies":[{"embeddable":true,"href":"https:\/\/web-demo1.com.tr\/v44\/wp-json\/wp\/v2\/comments?post=12473"}],"version-history":[{"count":1,"href":"https:\/\/web-demo1.com.tr\/v44\/wp-json\/wp\/v2\/product\/12473\/revisions"}],"predecessor-version":[{"id":12474,"href":"https:\/\/web-demo1.com.tr\/v44\/wp-json\/wp\/v2\/product\/12473\/revisions\/12474"}],"wp:attachment":[{"href":"https:\/\/web-demo1.com.tr\/v44\/wp-json\/wp\/v2\/media?parent=12473"}],"wp:term":[{"taxonomy":"product_cat","embeddable":true,"href":"https:\/\/web-demo1.com.tr\/v44\/wp-json\/wp\/v2\/product_cat?post=12473"},{"taxonomy":"product_tag","embeddable":true,"href":"https:\/\/web-demo1.com.tr\/v44\/wp-json\/wp\/v2\/product_tag?post=12473"}],"curies":[{"name":"wp","href":"https:\/\/api.w.org\/{rel}","templated":true}]}}