{"id":12029,"date":"2024-10-04T08:31:48","date_gmt":"2024-10-04T05:31:48","guid":{"rendered":"https:\/\/web-demo1.com.tr\/v44\/urun\/pw-95-pd-22-5w-hizli-sarj-lcd-kendiliginden-type-c-lightning-kablolu-1usb-a-girisli-powerbank-2\/"},"modified":"2024-10-04T08:31:48","modified_gmt":"2024-10-04T05:31:48","slug":"pw-95-pd-22-5w-hizli-sarj-lcd-kendiliginden-type-c-lightning-kablolu-1usb-a-girisli-powerbank-2","status":"publish","type":"product","link":"https:\/\/web-demo1.com.tr\/v44\/urun\/pw-95-pd-22-5w-hizli-sarj-lcd-kendiliginden-type-c-lightning-kablolu-1usb-a-girisli-powerbank-2\/","title":{"rendered":"PW-95 PD 22.5W HIZLI \u015eARJ LCD Kendili\u011finden Type-c Lightning Kablolu 1Usb-A Giri\u015fli Powerbank"},"content":{"rendered":"<p>https:\/\/celikwork.com\/index.php\/urun\/pw-95-pd-22-5w-hizli-sarj-lcd-kendiliginden-type-c-lightning-kablolu-1usb-a-girisli-powerbank-3\/<\/p>\n","protected":false},"excerpt":{"rendered":"<p>https:\/\/celikwork.com\/index.php\/urun\/pw-95-pd-22-5w-hizli-sarj-lcd-kendiliginden-type-c-lightning-kablolu-1usb-a-girisli-powerbank-3\/<\/p>\n","protected":false},"featured_media":0,"comment_status":"open","ping_status":"closed","template":"","meta":[],"product_cat":[110],"product_tag":[],"class_list":{"0":"post-12029","1":"product","2":"type-product","3":"status-publish","5":"product_cat-accessories","7":"first","8":"instock","9":"shipping-taxable","10":"product-type-simple"},"_links":{"self":[{"href":"https:\/\/web-demo1.com.tr\/v44\/wp-json\/wp\/v2\/product\/12029","targetHints":{"allow":["GET"]}}],"collection":[{"href":"https:\/\/web-demo1.com.tr\/v44\/wp-json\/wp\/v2\/product"}],"about":[{"href":"https:\/\/web-demo1.com.tr\/v44\/wp-json\/wp\/v2\/types\/product"}],"replies":[{"embeddable":true,"href":"https:\/\/web-demo1.com.tr\/v44\/wp-json\/wp\/v2\/comments?post=12029"}],"version-history":[{"count":1,"href":"https:\/\/web-demo1.com.tr\/v44\/wp-json\/wp\/v2\/product\/12029\/revisions"}],"predecessor-version":[{"id":12030,"href":"https:\/\/web-demo1.com.tr\/v44\/wp-json\/wp\/v2\/product\/12029\/revisions\/12030"}],"wp:attachment":[{"href":"https:\/\/web-demo1.com.tr\/v44\/wp-json\/wp\/v2\/media?parent=12029"}],"wp:term":[{"taxonomy":"product_cat","embeddable":true,"href":"https:\/\/web-demo1.com.tr\/v44\/wp-json\/wp\/v2\/product_cat?post=12029"},{"taxonomy":"product_tag","embeddable":true,"href":"https:\/\/web-demo1.com.tr\/v44\/wp-json\/wp\/v2\/product_tag?post=12029"}],"curies":[{"name":"wp","href":"https:\/\/api.w.org\/{rel}","templated":true}]}}