{"id":11363,"date":"2024-10-04T08:28:08","date_gmt":"2024-10-04T05:28:08","guid":{"rendered":"https:\/\/web-demo1.com.tr\/v44\/urun\/portatif-300ml-usbli-arac-ev-ofis-uyumlu-isikli-aroma-yayici-mini-hava-nemlendirici\/"},"modified":"2024-10-04T08:28:08","modified_gmt":"2024-10-04T05:28:08","slug":"portatif-300ml-usbli-arac-ev-ofis-uyumlu-isikli-aroma-yayici-mini-hava-nemlendirici","status":"publish","type":"product","link":"https:\/\/web-demo1.com.tr\/v44\/urun\/portatif-300ml-usbli-arac-ev-ofis-uyumlu-isikli-aroma-yayici-mini-hava-nemlendirici\/","title":{"rendered":"Portatif 300ml USB&#8217;L\u0130 Ara\u00e7 Ev Ofis  Uyumlu I\u015f\u0131kl\u0131 Aroma Yay\u0131c\u0131 Mini Hava Nemlendirici"},"content":{"rendered":"<p>https:\/\/celikwork.com\/index.php\/urun\/portatif-300ml-usbli-arac-ev-ofis-uyumlu-isikli-aroma-yayici-mini-hava-nemlendirici-2\/<\/p>\n","protected":false},"excerpt":{"rendered":"<p>https:\/\/celikwork.com\/index.php\/urun\/portatif-300ml-usbli-arac-ev-ofis-uyumlu-isikli-aroma-yayici-mini-hava-nemlendirici-2\/<\/p>\n","protected":false},"featured_media":0,"comment_status":"open","ping_status":"closed","template":"","meta":[],"product_cat":[110],"product_tag":[],"class_list":{"0":"post-11363","1":"product","2":"type-product","3":"status-publish","5":"product_cat-accessories","7":"first","8":"instock","9":"shipping-taxable","10":"product-type-simple"},"_links":{"self":[{"href":"https:\/\/web-demo1.com.tr\/v44\/wp-json\/wp\/v2\/product\/11363","targetHints":{"allow":["GET"]}}],"collection":[{"href":"https:\/\/web-demo1.com.tr\/v44\/wp-json\/wp\/v2\/product"}],"about":[{"href":"https:\/\/web-demo1.com.tr\/v44\/wp-json\/wp\/v2\/types\/product"}],"replies":[{"embeddable":true,"href":"https:\/\/web-demo1.com.tr\/v44\/wp-json\/wp\/v2\/comments?post=11363"}],"version-history":[{"count":1,"href":"https:\/\/web-demo1.com.tr\/v44\/wp-json\/wp\/v2\/product\/11363\/revisions"}],"predecessor-version":[{"id":11364,"href":"https:\/\/web-demo1.com.tr\/v44\/wp-json\/wp\/v2\/product\/11363\/revisions\/11364"}],"wp:attachment":[{"href":"https:\/\/web-demo1.com.tr\/v44\/wp-json\/wp\/v2\/media?parent=11363"}],"wp:term":[{"taxonomy":"product_cat","embeddable":true,"href":"https:\/\/web-demo1.com.tr\/v44\/wp-json\/wp\/v2\/product_cat?post=11363"},{"taxonomy":"product_tag","embeddable":true,"href":"https:\/\/web-demo1.com.tr\/v44\/wp-json\/wp\/v2\/product_tag?post=11363"}],"curies":[{"name":"wp","href":"https:\/\/api.w.org\/{rel}","templated":true}]}}