{"id":10919,"date":"2024-10-04T08:26:15","date_gmt":"2024-10-04T05:26:15","guid":{"rendered":"https:\/\/web-demo1.com.tr\/v44\/urun\/t21-guclu-miknatisli-2in1-ayna-ve-torpido-montajli-arac-ici-telefon-tutacak-tutucu\/"},"modified":"2024-10-04T08:26:15","modified_gmt":"2024-10-04T05:26:15","slug":"t21-guclu-miknatisli-2in1-ayna-ve-torpido-montajli-arac-ici-telefon-tutacak-tutucu","status":"publish","type":"product","link":"https:\/\/web-demo1.com.tr\/v44\/urun\/t21-guclu-miknatisli-2in1-ayna-ve-torpido-montajli-arac-ici-telefon-tutacak-tutucu\/","title":{"rendered":"T21 G\u00fc\u00e7l\u00fc M\u0131knat\u0131sl\u0131 2in1 Ayna ve Torpido Montajl\u0131 Ara\u00e7 \u0130\u00e7i Telefon Tutacak Tutucu"},"content":{"rendered":"<p>https:\/\/celikwork.com\/index.php\/urun\/t21-guclu-miknatisli-2in1-ayna-ve-torpido-montajli-arac-ici-telefon-tutacak-tutucu-2\/<\/p>\n","protected":false},"excerpt":{"rendered":"<p>https:\/\/celikwork.com\/index.php\/urun\/t21-guclu-miknatisli-2in1-ayna-ve-torpido-montajli-arac-ici-telefon-tutacak-tutucu-2\/<\/p>\n","protected":false},"featured_media":0,"comment_status":"open","ping_status":"closed","template":"","meta":[],"product_cat":[110],"product_tag":[],"class_list":{"0":"post-10919","1":"product","2":"type-product","3":"status-publish","5":"product_cat-accessories","7":"first","8":"instock","9":"shipping-taxable","10":"product-type-simple"},"_links":{"self":[{"href":"https:\/\/web-demo1.com.tr\/v44\/wp-json\/wp\/v2\/product\/10919","targetHints":{"allow":["GET"]}}],"collection":[{"href":"https:\/\/web-demo1.com.tr\/v44\/wp-json\/wp\/v2\/product"}],"about":[{"href":"https:\/\/web-demo1.com.tr\/v44\/wp-json\/wp\/v2\/types\/product"}],"replies":[{"embeddable":true,"href":"https:\/\/web-demo1.com.tr\/v44\/wp-json\/wp\/v2\/comments?post=10919"}],"version-history":[{"count":1,"href":"https:\/\/web-demo1.com.tr\/v44\/wp-json\/wp\/v2\/product\/10919\/revisions"}],"predecessor-version":[{"id":10920,"href":"https:\/\/web-demo1.com.tr\/v44\/wp-json\/wp\/v2\/product\/10919\/revisions\/10920"}],"wp:attachment":[{"href":"https:\/\/web-demo1.com.tr\/v44\/wp-json\/wp\/v2\/media?parent=10919"}],"wp:term":[{"taxonomy":"product_cat","embeddable":true,"href":"https:\/\/web-demo1.com.tr\/v44\/wp-json\/wp\/v2\/product_cat?post=10919"},{"taxonomy":"product_tag","embeddable":true,"href":"https:\/\/web-demo1.com.tr\/v44\/wp-json\/wp\/v2\/product_tag?post=10919"}],"curies":[{"name":"wp","href":"https:\/\/api.w.org\/{rel}","templated":true}]}}